{"id":1250,"date":"2026-02-16T09:21:12","date_gmt":"2026-02-16T08:21:12","guid":{"rendered":"http:\/\/arheilger-fotostudio.de\/?page_id=1250"},"modified":"2026-02-18T09:39:49","modified_gmt":"2026-02-18T08:39:49","slug":"home-2","status":"publish","type":"page","link":"https:\/\/arheilger-fotostudio.de\/?page_id=1250","title":{"rendered":"Impressum"},"content":{"rendered":"\t\t<div data-elementor-type=\"wp-page\" data-elementor-id=\"1250\" class=\"elementor elementor-1250\">\n\t\t\t\t\t\t<section class=\"elementor-section elementor-top-section elementor-element elementor-element-1cc6ac5 elementor-section-boxed elementor-section-height-default elementor-section-height-default\" data-id=\"1cc6ac5\" data-element_type=\"section\" data-e-type=\"section\">\n\t\t\t\t\t\t<div class=\"elementor-container elementor-column-gap-default\">\n\t\t\t\t\t<div class=\"elementor-column elementor-col-100 elementor-top-column elementor-element elementor-element-76bf683\" data-id=\"76bf683\" data-element_type=\"column\" data-e-type=\"column\">\n\t\t\t<div class=\"elementor-widget-wrap elementor-element-populated\">\n\t\t\t\t\t\t<div class=\"elementor-element elementor-element-28b801e elementor-widget elementor-widget-spacer\" data-id=\"28b801e\" data-element_type=\"widget\" data-e-type=\"widget\" data-widget_type=\"spacer.default\">\n\t\t\t\t<div class=\"elementor-widget-container\">\n\t\t\t\t\t\t\t<div class=\"elementor-spacer\">\n\t\t\t<div class=\"elementor-spacer-inner\"><\/div>\n\t\t<\/div>\n\t\t\t\t\t\t<\/div>\n\t\t\t\t<\/div>\n\t\t\t\t\t<\/div>\n\t\t<\/div>\n\t\t\t\t\t<\/div>\n\t\t<\/section>\n\t\t\t\t<section class=\"elementor-section elementor-top-section elementor-element elementor-element-d15d972 elementor-section-full_width elementor-section-stretched elementor-section-height-default elementor-section-height-default\" data-id=\"d15d972\" data-element_type=\"section\" data-e-type=\"section\" data-settings=\"{&quot;stretch_section&quot;:&quot;section-stretched&quot;,&quot;background_background&quot;:&quot;classic&quot;}\">\n\t\t\t\t\t\t<div class=\"elementor-container elementor-column-gap-default\">\n\t\t\t\t\t<div class=\"elementor-column elementor-col-100 elementor-top-column elementor-element elementor-element-f16c1d1\" data-id=\"f16c1d1\" data-element_type=\"column\" data-e-type=\"column\" data-settings=\"{&quot;background_background&quot;:&quot;classic&quot;}\">\n\t\t\t<div class=\"elementor-widget-wrap elementor-element-populated\">\n\t\t\t\t\t\t<div class=\"elementor-element elementor-element-590a332 elementor-widget__width-initial e-transform elementor-widget elementor-widget-image\" data-id=\"590a332\" data-element_type=\"widget\" data-e-type=\"widget\" data-settings=\"{&quot;_transform_translateX_effect&quot;:{&quot;unit&quot;:&quot;px&quot;,&quot;size&quot;:&quot;&quot;,&quot;sizes&quot;:[]},&quot;_transform_translateX_effect_tablet&quot;:{&quot;unit&quot;:&quot;px&quot;,&quot;size&quot;:&quot;&quot;,&quot;sizes&quot;:[]},&quot;_transform_translateX_effect_mobile&quot;:{&quot;unit&quot;:&quot;px&quot;,&quot;size&quot;:&quot;&quot;,&quot;sizes&quot;:[]},&quot;_transform_translateY_effect&quot;:{&quot;unit&quot;:&quot;px&quot;,&quot;size&quot;:&quot;&quot;,&quot;sizes&quot;:[]},&quot;_transform_translateY_effect_tablet&quot;:{&quot;unit&quot;:&quot;px&quot;,&quot;size&quot;:&quot;&quot;,&quot;sizes&quot;:[]},&quot;_transform_translateY_effect_mobile&quot;:{&quot;unit&quot;:&quot;px&quot;,&quot;size&quot;:&quot;&quot;,&quot;sizes&quot;:[]}}\" data-widget_type=\"image.default\">\n\t\t\t\t<div class=\"elementor-widget-container\">\n\t\t\t\t\t\t\t\t\t\t\t\t\t\t\t<img fetchpriority=\"high\" decoding=\"async\" width=\"2560\" height=\"1480\" src=\"https:\/\/arheilger-fotostudio.de\/wp-content\/uploads\/2026\/02\/AFSL1997_Teamfoto_HG-Rollen-weg-scaled.png\" class=\"attachment-full size-full wp-image-1236\" alt=\"\" srcset=\"https:\/\/arheilger-fotostudio.de\/wp-content\/uploads\/2026\/02\/AFSL1997_Teamfoto_HG-Rollen-weg-scaled.png 2560w, https:\/\/arheilger-fotostudio.de\/wp-content\/uploads\/2026\/02\/AFSL1997_Teamfoto_HG-Rollen-weg-300x173.png 300w, https:\/\/arheilger-fotostudio.de\/wp-content\/uploads\/2026\/02\/AFSL1997_Teamfoto_HG-Rollen-weg-1024x592.png 1024w, https:\/\/arheilger-fotostudio.de\/wp-content\/uploads\/2026\/02\/AFSL1997_Teamfoto_HG-Rollen-weg-768x444.png 768w, https:\/\/arheilger-fotostudio.de\/wp-content\/uploads\/2026\/02\/AFSL1997_Teamfoto_HG-Rollen-weg-1536x888.png 1536w, https:\/\/arheilger-fotostudio.de\/wp-content\/uploads\/2026\/02\/AFSL1997_Teamfoto_HG-Rollen-weg-2048x1184.png 2048w\" sizes=\"(max-width: 2560px) 100vw, 2560px\" \/>\t\t\t\t\t\t\t\t\t\t\t\t\t\t\t<\/div>\n\t\t\t\t<\/div>\n\t\t\t\t\t<\/div>\n\t\t<\/div>\n\t\t\t\t\t<\/div>\n\t\t<\/section>\n\t\t\t\t<section class=\"elementor-section elementor-top-section elementor-element elementor-element-12a8a22 elementor-section-boxed elementor-section-height-default elementor-section-height-default\" data-id=\"12a8a22\" data-element_type=\"section\" data-e-type=\"section\" data-settings=\"{&quot;background_background&quot;:&quot;classic&quot;}\">\n\t\t\t\t\t\t\t<div class=\"elementor-background-overlay\"><\/div>\n\t\t\t\t\t\t\t<div class=\"elementor-container elementor-column-gap-default\">\n\t\t\t\t\t<div class=\"elementor-column elementor-col-100 elementor-top-column elementor-element elementor-element-85ee956\" data-id=\"85ee956\" data-element_type=\"column\" data-e-type=\"column\" data-settings=\"{&quot;background_background&quot;:&quot;classic&quot;}\">\n\t\t\t<div class=\"elementor-widget-wrap elementor-element-populated\">\n\t\t\t\t\t\t<div class=\"elementor-element elementor-element-8a77f9a elementor-widget elementor-widget-shortcode\" data-id=\"8a77f9a\" data-element_type=\"widget\" data-e-type=\"widget\" data-widget_type=\"shortcode.default\">\n\t\t\t\t<div class=\"elementor-widget-container\">\n\t\t\t\t\t\t\t<div class=\"elementor-shortcode\"><a id=\"passbilder\"><\/a><\/div>\n\t\t\t\t\t\t<\/div>\n\t\t\t\t<\/div>\n\t\t\t\t<section class=\"elementor-section elementor-inner-section elementor-element elementor-element-7d28748 elementor-section-boxed elementor-section-height-default elementor-section-height-default\" data-id=\"7d28748\" data-element_type=\"section\" data-e-type=\"section\">\n\t\t\t\t\t\t<div class=\"elementor-container elementor-column-gap-default\">\n\t\t\t\t\t<div class=\"elementor-column elementor-col-100 elementor-inner-column elementor-element elementor-element-4cdb45c\" data-id=\"4cdb45c\" data-element_type=\"column\" data-e-type=\"column\">\n\t\t\t<div class=\"elementor-widget-wrap elementor-element-populated\">\n\t\t\t\t\t\t<div class=\"elementor-element elementor-element-2c549d3 elementor-widget elementor-widget-heading\" data-id=\"2c549d3\" data-element_type=\"widget\" data-e-type=\"widget\" data-widget_type=\"heading.default\">\n\t\t\t\t<div class=\"elementor-widget-container\">\n\t\t\t\t\t<h2 class=\"elementor-heading-title elementor-size-default\">Impressum<\/h2>\t\t\t\t<\/div>\n\t\t\t\t<\/div>\n\t\t\t\t<div class=\"elementor-element elementor-element-3149a68 elementor-widget elementor-widget-text-editor\" data-id=\"3149a68\" data-element_type=\"widget\" data-e-type=\"widget\" data-widget_type=\"text-editor.default\">\n\t\t\t\t<div class=\"elementor-widget-container\">\n\t\t\t\t\t\t\t\t\t<p>Verantwortlich f\u00fcr den Inhalt dieser Seite:<\/p><p>Arheilger Fotostudio<br \/>Inhaber: Claudius Betz<\/p><p>Ansprechpartner: Claudius Betz<br \/>Frankfurter Landstr. 253 \u00b7 64291 Darmstadt<br \/>Telefon: +49 (0)6151 933225<br \/>E-Mail: info@fotofritzen.de<br \/>Ust.-Ident.-Nr.: DE 167519124<\/p><p>Bei Fragen zum Thema Datenschutz kontaktieren Sie uns unter:<br \/><a href=\"mailto:datenschutz@fotofritzen.de\">datenschutz@fotofritzen.de<\/a><\/p><p>Zust\u00e4ndige Kammer: Handwerkskammer Frankfurt-Rhein-Main<br \/>Bockenheimer Landstra\u00dfe 21<br \/>60325 Frankfurt am Main<\/p><p>Haftungshinweis &amp; Copyright:<br \/>Wir distanzieren uns ausdr\u00fccklich vom Inhalt verlinkter Seiten. Unerlaubtes Verwenden von Texten,<br \/>Bildern oder anderen Inhalten dieser Website ist nicht gestattet.<\/p>\t\t\t\t\t\t\t\t<\/div>\n\t\t\t\t<\/div>\n\t\t\t\t\t<\/div>\n\t\t<\/div>\n\t\t\t\t\t<\/div>\n\t\t<\/section>\n\t\t\t\t\t<\/div>\n\t\t<\/div>\n\t\t\t\t\t<\/div>\n\t\t<\/section>\n\t\t\t\t<\/div>\n\t\t","protected":false},"excerpt":{"rendered":"<p>Impressum Verantwortlich f\u00fcr den Inhalt dieser Seite: Arheilger FotostudioInhaber: Claudius Betz Ansprechpartner: Claudius BetzFrankfurter Landstr. 253 \u00b7 64291 DarmstadtTelefon: +49 (0)6151 933225E-Mail: info@fotofritzen.deUst.-Ident.-Nr.: DE 167519124 Bei Fragen zum Thema Datenschutz kontaktieren Sie uns unter:datenschutz@fotofritzen.de Zust\u00e4ndige Kammer: Handwerkskammer Frankfurt-Rhein-MainBockenheimer Landstra\u00dfe 2160325 Frankfurt am Main Haftungshinweis &amp; Copyright:Wir distanzieren uns ausdr\u00fccklich vom Inhalt verlinkter Seiten. Unerlaubtes Verwenden [&hellip;]<\/p>\n","protected":false},"author":1,"featured_media":0,"parent":0,"menu_order":0,"comment_status":"closed","ping_status":"closed","template":"","meta":{"footnotes":""},"class_list":["post-1250","page","type-page","status-publish","hentry"],"_links":{"self":[{"href":"https:\/\/arheilger-fotostudio.de\/index.php?rest_route=\/wp\/v2\/pages\/1250","targetHints":{"allow":["GET"]}}],"collection":[{"href":"https:\/\/arheilger-fotostudio.de\/index.php?rest_route=\/wp\/v2\/pages"}],"about":[{"href":"https:\/\/arheilger-fotostudio.de\/index.php?rest_route=\/wp\/v2\/types\/page"}],"author":[{"embeddable":true,"href":"https:\/\/arheilger-fotostudio.de\/index.php?rest_route=\/wp\/v2\/users\/1"}],"replies":[{"embeddable":true,"href":"https:\/\/arheilger-fotostudio.de\/index.php?rest_route=%2Fwp%2Fv2%2Fcomments&post=1250"}],"version-history":[{"count":13,"href":"https:\/\/arheilger-fotostudio.de\/index.php?rest_route=\/wp\/v2\/pages\/1250\/revisions"}],"predecessor-version":[{"id":1373,"href":"https:\/\/arheilger-fotostudio.de\/index.php?rest_route=\/wp\/v2\/pages\/1250\/revisions\/1373"}],"wp:attachment":[{"href":"https:\/\/arheilger-fotostudio.de\/index.php?rest_route=%2Fwp%2Fv2%2Fmedia&parent=1250"}],"curies":[{"name":"wp","href":"https:\/\/api.w.org\/{rel}","templated":true}]}}